{"id":144,"date":"2015-11-15T22:10:36","date_gmt":"2015-11-15T21:10:36","guid":{"rendered":"http:\/\/www.maurodileo.it\/?page_id=144"},"modified":"2016-09-26T18:54:46","modified_gmt":"2016-09-26T16:54:46","slug":"altrove-ovunque","status":"publish","type":"page","link":"https:\/\/www.maurodileo.it\/?page_id=144","title":{"rendered":"altrove ovunque"},"content":{"rendered":"<p><strong>\u201cALTROVE, OVUNQUE\u201d &#8211; VENEZIA 2007<\/strong><\/p>\n<p><a href=\"http:\/\/www.maurodileo.it\/wp-content\/uploads\/2015\/11\/sacro-cuore.jpg\"><img loading=\"lazy\" decoding=\"async\" class=\"size-medium wp-image-185 aligncenter\" src=\"http:\/\/www.maurodileo.it\/wp-content\/uploads\/2015\/11\/sacro-cuore-211x300.jpg\" alt=\"sacro cuore\" width=\"211\" height=\"300\" srcset=\"https:\/\/www.maurodileo.it\/wp-content\/uploads\/2015\/11\/sacro-cuore-211x300.jpg 211w, https:\/\/www.maurodileo.it\/wp-content\/uploads\/2015\/11\/sacro-cuore.jpg 425w\" sizes=\"auto, (max-width: 211px) 100vw, 211px\" \/><\/a><\/p>\n<p>&#8230;.nei mesi precedenti al settembre 2007 ero messo cos\u00ec: pensieri postapocalittici monocromi o quasi, merli antropomorfi che affollavano i sogni e le tele. E cos\u00ec mi misi d&#8217;impegno e, con la preziosa complicit\u00e0 degli amici Daniela Stella e Mario Di Martino, mi esibii durante (ho detto &#8220;<em>durante&#8221;<\/em>, non &#8220;<em>nella&#8221;) <\/em>la 52ma Biennale Arte, si, proprio a Venezia, vicino a Rialto! E Maria Chiara Marzari, critica d&#8217;arte di Venezia News, mi present\u00f2 cos\u00ec:<br \/>\n<strong>L\u2019Arte di capire il \u201creale\u201d di Maria Chiara Marzari<\/strong><br \/>\n<em>&#8220;Durante la Biennale Arte, Venezia si scopre pi\u00f9 che mai citt\u00e0 dell\u2019arte e per l\u2019arte, luogo naturale di espressione artistica. Quadri, sculture, installazioni, video, gli stessi muri della citt\u00e0 coperti di immagini permettono di entrare nell\u2019universo del contemporaneo. E\u2019 in questo fermento culturale che si inserisce l\u2019intervento artistico di Mauro Di Leo. Protagonisti un luogo e una storia che si sviluppa come rielaborazione in chiave creativa di un sogno.<\/em><br \/>\n<em> &#8220;Non sono sicuro che il mio lavoro possa essere classificato come \u201cArte\u201d ma \u00e8 frutto di un lungo e appassionato percorso fatto nel nome della ricerca della \u201cBellezza\u201d, dove le mie piccole invenzioni ironiche possano trasmettere una piccola emozione o solo un breve sussulto di sorpresa. \u201c<\/em><br \/>\n<em> Altrove, ovunque\u201d \u00e8 una storia per immagini dipinte dunque, che conduce, attraverso un invisibile filo narrativo, dall\u2019interno dello spazio espositivo, un locale pubblico &#8211; un bar caffetteria -, verso l\u2019esterno nel Campo &#8211; Campo San Silvestro -, prologo e conclusione del percorso dove si scopre che l\u2019altrove \u00e8 pi\u00f9 vicino che mai. Un utopico stravolgimento dello spazio fisico (il locale pubblico) per reinventare il contesto e al contempo fissare le immagini. Reale \u00e8 ci\u00f2 che tocchiamo, ci\u00f2 che vediamo, ci\u00f2 che in qualche modo \u00e8 tangibile nella razionalit\u00e0 umana. E il sogno? Una realt\u00e0 diversa, il sogno, che in qualche modo ci fa vivere sensazioni, emozioni forti e vere quanto \u00e8 vera l\u2019esistenza del nostro corpo. Il sogno svela la vita dei sensi, oltre l\u2019umana realt\u00e0 dei nostri occhi, oltre la vita del corpo, la vita dello spirito.<\/em><br \/>\n<em> A cavallo tra l\u2019immagine fumettistica bicolor e le visioni surrealiste, i quadri di Mauro Di Leo mostrano, supportati da una sapiente capacit\u00e0 di creare attraverso diverse tecniche (pittura, riproduzione fotografica, grafica, disegno), come l\u2019artista stravolga i piani della narrazione visiva inserendo in contesti reali protagonisti del sogno.<\/em><br \/>\n<em> &#8220;Ho gi\u00e0 usato in passato il merlo in alcune mie opere a causa di una particolare simpatia che deriva sia dalle sue mansuete e buffe abitudini che da un misterioso feeling un p\u00f2 esoterico che provo per questo volatile. Questa volta ho deciso di farlo diventare insieme protagonista e narratore del mio progetto&#8221;.<\/em><br \/>\n<em> Una storia fatta di singoli fotogrammi, dove ogni quadro racchiude una sua propria entit\u00e0 pur facendo parte del tutto. La forza sta proprio nella capacit\u00e0 di esprimere equilibrio, tale da non negare la drammaticit\u00e0 di alcuni quadri o l\u2019ironia di altri, ma di creare un percorso che sorprende e disorienta, mantenendo un registro chiaro e immediato.<\/em><br \/>\n<em> Emerge evidente la capacit\u00e0 dell\u2019Artista di fissare sulla tela percorsi dell\u2019interiorit\u00e0, che sapientemente traduce in costruzioni creative di diretto impatto sul pubblico. Mauro Di Leo riesce nelle sue creazioni a cogliere l\u2019attimo e fissarlo, creando un quotidiano \u201cnormale\u201d, codificato e riconoscibile, allo stesso modo legato alla realt\u00e0 come al sogno, facilmente accessibile a tutti ma sapientemente in equilibrio tra ironia e provocazione.&#8221;<\/em><\/p>\n<div id=\"attachment_154\" style=\"width: 215px\" class=\"wp-caption alignnone\"><a href=\"http:\/\/www.maurodileo.it\/wp-content\/uploads\/2015\/11\/duellanti-foto-Daniela.jpg\"><img loading=\"lazy\" decoding=\"async\" aria-describedby=\"caption-attachment-154\" class=\"size-medium wp-image-154\" src=\"http:\/\/www.maurodileo.it\/wp-content\/uploads\/2015\/11\/duellanti-foto-Daniela-205x300.jpg\" alt=\"istallazione in campo S.Silvestro - settembre 2006\" width=\"205\" height=\"300\" srcset=\"https:\/\/www.maurodileo.it\/wp-content\/uploads\/2015\/11\/duellanti-foto-Daniela-205x300.jpg 205w, https:\/\/www.maurodileo.it\/wp-content\/uploads\/2015\/11\/duellanti-foto-Daniela-699x1024.jpg 699w, https:\/\/www.maurodileo.it\/wp-content\/uploads\/2015\/11\/duellanti-foto-Daniela-624x912.jpg 624w, https:\/\/www.maurodileo.it\/wp-content\/uploads\/2015\/11\/duellanti-foto-Daniela.jpg 1989w\" sizes=\"auto, (max-width: 205px) 100vw, 205px\" \/><\/a><p id=\"caption-attachment-154\" class=\"wp-caption-text\">istallazione in campo S.Silvestro &#8211; settembre 2007 (foto di Daniela Stella)<\/p><\/div>\n<p><a href=\"http:\/\/www.maurodileo.it\/wp-content\/uploads\/2015\/11\/duel.jpg\"><img loading=\"lazy\" decoding=\"async\" class=\"alignnone size-medium wp-image-152\" src=\"http:\/\/www.maurodileo.it\/wp-content\/uploads\/2015\/11\/duel-204x300.jpg\" alt=\"&quot;duello&quot; acrilico su tela - 35x50 - 2006\" width=\"204\" height=\"300\" srcset=\"https:\/\/www.maurodileo.it\/wp-content\/uploads\/2015\/11\/duel-204x300.jpg 204w, https:\/\/www.maurodileo.it\/wp-content\/uploads\/2015\/11\/duel-697x1024.jpg 697w, https:\/\/www.maurodileo.it\/wp-content\/uploads\/2015\/11\/duel-624x915.jpg 624w, https:\/\/www.maurodileo.it\/wp-content\/uploads\/2015\/11\/duel.jpg 1232w\" sizes=\"auto, (max-width: 204px) 100vw, 204px\" \/><\/a><\/p>\n<div id=\"attachment_145\" style=\"width: 152px\" class=\"wp-caption alignnone\"><a href=\"http:\/\/www.maurodileo.it\/wp-content\/uploads\/2015\/11\/birdcage-carto.jpg\"><img loading=\"lazy\" decoding=\"async\" aria-describedby=\"caption-attachment-145\" class=\"size-medium wp-image-145\" src=\"http:\/\/www.maurodileo.it\/wp-content\/uploads\/2015\/11\/birdcage-carto-142x300.jpg\" alt=\"&quot;the cage&quot; acrilico su tela - 50x100 - 2006\" width=\"142\" height=\"300\" srcset=\"https:\/\/www.maurodileo.it\/wp-content\/uploads\/2015\/11\/birdcage-carto-142x300.jpg 142w, https:\/\/www.maurodileo.it\/wp-content\/uploads\/2015\/11\/birdcage-carto-487x1024.jpg 487w\" sizes=\"auto, (max-width: 142px) 100vw, 142px\" \/><\/a><p id=\"caption-attachment-145\" class=\"wp-caption-text\">&#8220;the cage&#8221; acrilico su tela &#8211; 70&#215;100 &#8211; 2007<\/p><\/div>\n<div id=\"attachment_147\" style=\"width: 310px\" class=\"wp-caption alignnone\"><a href=\"http:\/\/www.maurodileo.it\/wp-content\/uploads\/2015\/11\/disputa-carto.jpg\"><img loading=\"lazy\" decoding=\"async\" aria-describedby=\"caption-attachment-147\" class=\"size-medium wp-image-147\" src=\"http:\/\/www.maurodileo.it\/wp-content\/uploads\/2015\/11\/disputa-carto-300x143.jpg\" alt=\"&quot;disputa sulla sfera&quot; acrilico su tela 50x100 2006\" width=\"300\" height=\"143\" srcset=\"https:\/\/www.maurodileo.it\/wp-content\/uploads\/2015\/11\/disputa-carto-300x143.jpg 300w, https:\/\/www.maurodileo.it\/wp-content\/uploads\/2015\/11\/disputa-carto-1024x490.jpg 1024w, https:\/\/www.maurodileo.it\/wp-content\/uploads\/2015\/11\/disputa-carto-624x298.jpg 624w\" sizes=\"auto, (max-width: 300px) 100vw, 300px\" \/><\/a><p id=\"caption-attachment-147\" class=\"wp-caption-text\">&#8220;disputa sulla sfera&#8221; acrilico su tela 50&#215;100<br \/>2007<\/p><\/div>\n<div id=\"attachment_148\" style=\"width: 310px\" class=\"wp-caption alignnone\"><a href=\"http:\/\/www.maurodileo.it\/wp-content\/uploads\/2015\/11\/meriggio-carto.jpg\"><img loading=\"lazy\" decoding=\"async\" aria-describedby=\"caption-attachment-148\" class=\"size-medium wp-image-148\" src=\"http:\/\/www.maurodileo.it\/wp-content\/uploads\/2015\/11\/meriggio-carto-300x150.jpg\" alt=\"&quot;meriggio&quot; - acrilico su tela - 2005\" width=\"300\" height=\"150\" srcset=\"https:\/\/www.maurodileo.it\/wp-content\/uploads\/2015\/11\/meriggio-carto-300x150.jpg 300w, https:\/\/www.maurodileo.it\/wp-content\/uploads\/2015\/11\/meriggio-carto-1024x513.jpg 1024w, https:\/\/www.maurodileo.it\/wp-content\/uploads\/2015\/11\/meriggio-carto-624x312.jpg 624w\" sizes=\"auto, (max-width: 300px) 100vw, 300px\" \/><\/a><p id=\"caption-attachment-148\" class=\"wp-caption-text\">&#8220;meriggio&#8221; &#8211; acrilico su tela 50&#215;100 &#8211; 2006<\/p><\/div>\n<div id=\"attachment_149\" style=\"width: 154px\" class=\"wp-caption alignnone\"><a href=\"http:\/\/www.maurodileo.it\/wp-content\/uploads\/2015\/11\/orsetti-per-cartolina.jpg\"><img loading=\"lazy\" decoding=\"async\" aria-describedby=\"caption-attachment-149\" class=\"size-medium wp-image-149\" src=\"http:\/\/www.maurodileo.it\/wp-content\/uploads\/2015\/11\/orsetti-per-cartolina-144x300.jpg\" alt=\"&quot;senza titolo&quot; - acrilico su tela 70x100 2005\" width=\"144\" height=\"300\" srcset=\"https:\/\/www.maurodileo.it\/wp-content\/uploads\/2015\/11\/orsetti-per-cartolina-144x300.jpg 144w, https:\/\/www.maurodileo.it\/wp-content\/uploads\/2015\/11\/orsetti-per-cartolina-491x1024.jpg 491w, https:\/\/www.maurodileo.it\/wp-content\/uploads\/2015\/11\/orsetti-per-cartolina-624x1299.jpg 624w\" sizes=\"auto, (max-width: 144px) 100vw, 144px\" \/><\/a><p id=\"caption-attachment-149\" class=\"wp-caption-text\">&#8220;senza titolo&#8221; &#8211; acrilico su tela 70&#215;100<br \/>2007<\/p><\/div>\n<div id=\"attachment_150\" style=\"width: 310px\" class=\"wp-caption alignnone\"><a href=\"http:\/\/www.maurodileo.it\/wp-content\/uploads\/2015\/11\/processione-cartolina.jpg\"><img loading=\"lazy\" decoding=\"async\" aria-describedby=\"caption-attachment-150\" class=\"size-medium wp-image-150\" src=\"http:\/\/www.maurodileo.it\/wp-content\/uploads\/2015\/11\/processione-cartolina-300x143.jpg\" alt=\"&quot;processione&quot; acrilico su tela 50x100 2006\" width=\"300\" height=\"143\" srcset=\"https:\/\/www.maurodileo.it\/wp-content\/uploads\/2015\/11\/processione-cartolina-300x143.jpg 300w, https:\/\/www.maurodileo.it\/wp-content\/uploads\/2015\/11\/processione-cartolina-1024x490.jpg 1024w, https:\/\/www.maurodileo.it\/wp-content\/uploads\/2015\/11\/processione-cartolina-624x298.jpg 624w\" sizes=\"auto, (max-width: 300px) 100vw, 300px\" \/><\/a><p id=\"caption-attachment-150\" class=\"wp-caption-text\">&#8220;processione&#8221;<br \/>acrilico su tela 50&#215;100<br \/>2007<\/p><\/div>\n<div id=\"attachment_155\" style=\"width: 242px\" class=\"wp-caption alignnone\"><a href=\"http:\/\/www.maurodileo.it\/wp-content\/uploads\/2015\/11\/canto-VIII.jpg\"><img loading=\"lazy\" decoding=\"async\" aria-describedby=\"caption-attachment-155\" class=\"size-medium wp-image-155\" src=\"http:\/\/www.maurodileo.it\/wp-content\/uploads\/2015\/11\/canto-VIII-232x300.jpg\" alt=\"&quot;cantico&quot;  stampa su tela  e smalto\" width=\"232\" height=\"300\" srcset=\"https:\/\/www.maurodileo.it\/wp-content\/uploads\/2015\/11\/canto-VIII-232x300.jpg 232w, https:\/\/www.maurodileo.it\/wp-content\/uploads\/2015\/11\/canto-VIII-794x1024.jpg 794w, https:\/\/www.maurodileo.it\/wp-content\/uploads\/2015\/11\/canto-VIII-624x804.jpg 624w, https:\/\/www.maurodileo.it\/wp-content\/uploads\/2015\/11\/canto-VIII.jpg 1206w\" sizes=\"auto, (max-width: 232px) 100vw, 232px\" \/><\/a><p id=\"caption-attachment-155\" class=\"wp-caption-text\">&#8220;cantico&#8221;<br \/>stampa su tela<br \/>e smalto &#8211; 2006<\/p><\/div>\n<div id=\"attachment_146\" style=\"width: 310px\" class=\"wp-caption alignnone\"><a href=\"http:\/\/www.maurodileo.it\/wp-content\/uploads\/2015\/11\/caravan-carto.jpg\"><img loading=\"lazy\" decoding=\"async\" aria-describedby=\"caption-attachment-146\" class=\"size-medium wp-image-146\" src=\"http:\/\/www.maurodileo.it\/wp-content\/uploads\/2015\/11\/caravan-carto-300x149.jpg\" alt=\"&quot;sostare per bere&quot; acrilico su tela - 50x100 - 2006\" width=\"300\" height=\"149\" srcset=\"https:\/\/www.maurodileo.it\/wp-content\/uploads\/2015\/11\/caravan-carto-300x149.jpg 300w, https:\/\/www.maurodileo.it\/wp-content\/uploads\/2015\/11\/caravan-carto-1024x511.jpg 1024w, https:\/\/www.maurodileo.it\/wp-content\/uploads\/2015\/11\/caravan-carto-624x311.jpg 624w\" sizes=\"auto, (max-width: 300px) 100vw, 300px\" \/><\/a><p id=\"caption-attachment-146\" class=\"wp-caption-text\">&#8220;sostare per bere&#8221; acrilico su tela &#8211; 50&#215;100 &#8211; 2006<\/p><\/div>\n<p>&nbsp;<\/p>\n","protected":false},"excerpt":{"rendered":"<p>\u201cALTROVE, OVUNQUE\u201d &#8211; VENEZIA 2007 &#8230;.nei mesi precedenti al settembre 2007 ero messo cos\u00ec: pensieri postapocalittici monocromi o quasi, merli antropomorfi che affollavano i sogni e le tele. E cos\u00ec mi misi d&#8217;impegno e, con la preziosa complicit\u00e0 degli amici Daniela Stella e Mario Di Martino, mi esibii durante (ho detto &#8220;durante&#8221;, non &#8220;nella&#8221;) la [&hellip;]<\/p>\n","protected":false},"author":1,"featured_media":0,"parent":4,"menu_order":0,"comment_status":"closed","ping_status":"closed","template":"","meta":{"footnotes":""},"class_list":["post-144","page","type-page","status-publish","hentry"],"_links":{"self":[{"href":"https:\/\/www.maurodileo.it\/index.php?rest_route=\/wp\/v2\/pages\/144","targetHints":{"allow":["GET"]}}],"collection":[{"href":"https:\/\/www.maurodileo.it\/index.php?rest_route=\/wp\/v2\/pages"}],"about":[{"href":"https:\/\/www.maurodileo.it\/index.php?rest_route=\/wp\/v2\/types\/page"}],"author":[{"embeddable":true,"href":"https:\/\/www.maurodileo.it\/index.php?rest_route=\/wp\/v2\/users\/1"}],"replies":[{"embeddable":true,"href":"https:\/\/www.maurodileo.it\/index.php?rest_route=%2Fwp%2Fv2%2Fcomments&post=144"}],"version-history":[{"count":8,"href":"https:\/\/www.maurodileo.it\/index.php?rest_route=\/wp\/v2\/pages\/144\/revisions"}],"predecessor-version":[{"id":311,"href":"https:\/\/www.maurodileo.it\/index.php?rest_route=\/wp\/v2\/pages\/144\/revisions\/311"}],"up":[{"embeddable":true,"href":"https:\/\/www.maurodileo.it\/index.php?rest_route=\/wp\/v2\/pages\/4"}],"wp:attachment":[{"href":"https:\/\/www.maurodileo.it\/index.php?rest_route=%2Fwp%2Fv2%2Fmedia&parent=144"}],"curies":[{"name":"wp","href":"https:\/\/api.w.org\/{rel}","templated":true}]}}